{"id":6169,"date":"2019-12-20T16:12:37","date_gmt":"2019-12-20T14:12:37","guid":{"rendered":"https:\/\/spartanrestaurant.ro\/franciza\/"},"modified":"2021-05-13T12:29:11","modified_gmt":"2021-05-13T09:29:11","slug":"franchise","status":"publish","type":"page","link":"https:\/\/spartanrestaurant.ro\/de\/franchise\/","title":{"rendered":"FRANCIZA"},"content":{"rendered":"","protected":false},"excerpt":{"rendered":"","protected":false},"author":1,"featured_media":0,"parent":0,"menu_order":0,"comment_status":"closed","ping_status":"closed","template":"","meta":[],"yoast_head":"<!-- This site is optimized with the Yoast SEO plugin v21.1 - https:\/\/yoast.com\/wordpress\/plugins\/seo\/ -->\n<title>FRANCIZA - Spartan Restaurant - Cum s\u0103 devii francizat SPARTAN?<\/title>\n<meta name=\"description\" content=\"Entdecken Sie die Details des spartanischen Franchise, die zum \u00d6ffnen erforderlichen Schritte und die Kosten f\u00fcr die Er\u00f6ffnung eines spartanischen Restaurants.\" \/>\n<meta name=\"robots\" content=\"noindex, follow, max-snippet:-1, max-image-preview:large, max-video-preview:-1\" \/>\n<meta property=\"og:locale\" content=\"de_DE\" \/>\n<meta property=\"og:type\" content=\"article\" \/>\n<meta property=\"og:title\" content=\"FRANCIZA - Spartan Restaurant - Cum s\u0103 devii francizat SPARTAN?\" \/>\n<meta property=\"og:description\" content=\"Entdecken Sie die Details des spartanischen Franchise, die zum \u00d6ffnen erforderlichen Schritte und die Kosten f\u00fcr die Er\u00f6ffnung eines spartanischen Restaurants.\" \/>\n<meta property=\"og:url\" content=\"https:\/\/spartanrestaurant.ro\/de\/franchise\/\" \/>\n<meta property=\"og:site_name\" content=\"Spartan Restaurant\" \/>\n<meta property=\"article:modified_time\" content=\"2021-05-13T09:29:11+00:00\" \/>\n<meta name=\"twitter:card\" content=\"summary_large_image\" \/>\n<script type=\"application\/ld+json\" class=\"yoast-schema-graph\">{\"@context\":\"https:\/\/schema.org\",\"@graph\":[{\"@type\":\"WebPage\",\"@id\":\"https:\/\/spartanrestaurant.ro\/de\/franchise\/\",\"url\":\"https:\/\/spartanrestaurant.ro\/de\/franchise\/\",\"name\":\"FRANCIZA - Spartan Restaurant - Cum s\u0103 devii francizat SPARTAN?\",\"isPartOf\":{\"@id\":\"https:\/\/spartanrestaurant.ro\/#website\"},\"datePublished\":\"2019-12-20T14:12:37+00:00\",\"dateModified\":\"2021-05-13T09:29:11+00:00\",\"description\":\"Entdecken Sie die Details des spartanischen Franchise, die zum \u00d6ffnen erforderlichen Schritte und die Kosten f\u00fcr die Er\u00f6ffnung eines spartanischen Restaurants.\",\"breadcrumb\":{\"@id\":\"https:\/\/spartanrestaurant.ro\/de\/franchise\/#breadcrumb\"},\"inLanguage\":\"de\",\"potentialAction\":[{\"@type\":\"ReadAction\",\"target\":[\"https:\/\/spartanrestaurant.ro\/de\/franchise\/\"]}]},{\"@type\":\"BreadcrumbList\",\"@id\":\"https:\/\/spartanrestaurant.ro\/de\/franchise\/#breadcrumb\",\"itemListElement\":[{\"@type\":\"ListItem\",\"position\":1,\"name\":\"Prima pagin\u0103\",\"item\":\"https:\/\/spartanrestaurant.ro\/de\/\"},{\"@type\":\"ListItem\",\"position\":2,\"name\":\"FRANCIZA\"}]},{\"@type\":\"WebSite\",\"@id\":\"https:\/\/spartanrestaurant.ro\/#website\",\"url\":\"https:\/\/spartanrestaurant.ro\/\",\"name\":\"Spartan Restaurant\",\"description\":\"GUSTUL LEGENDAR\",\"publisher\":{\"@id\":\"https:\/\/spartanrestaurant.ro\/#organization\"},\"potentialAction\":[{\"@type\":\"SearchAction\",\"target\":{\"@type\":\"EntryPoint\",\"urlTemplate\":\"https:\/\/spartanrestaurant.ro\/?s={search_term_string}\"},\"query-input\":\"required name=search_term_string\"}],\"inLanguage\":\"de\"},{\"@type\":\"Organization\",\"@id\":\"https:\/\/spartanrestaurant.ro\/#organization\",\"name\":\"Spartan Restaurant\",\"url\":\"https:\/\/spartanrestaurant.ro\/\",\"logo\":{\"@type\":\"ImageObject\",\"inLanguage\":\"de\",\"@id\":\"https:\/\/spartanrestaurant.ro\/#\/schema\/logo\/image\/\",\"url\":\"https:\/\/spartanrestaurant.ro\/wp-content\/uploads\/2020\/08\/cropped-Spartan-fav.png\",\"contentUrl\":\"https:\/\/spartanrestaurant.ro\/wp-content\/uploads\/2020\/08\/cropped-Spartan-fav.png\",\"width\":512,\"height\":512,\"caption\":\"Spartan Restaurant\"},\"image\":{\"@id\":\"https:\/\/spartanrestaurant.ro\/#\/schema\/logo\/image\/\"}}]}<\/script>\n<!-- \/ Yoast SEO plugin. -->","yoast_head_json":{"title":"FRANCIZA - Spartan Restaurant - Cum s\u0103 devii francizat SPARTAN?","description":"Entdecken Sie die Details des spartanischen Franchise, die zum \u00d6ffnen erforderlichen Schritte und die Kosten f\u00fcr die Er\u00f6ffnung eines spartanischen Restaurants.","robots":{"index":"noindex","follow":"follow","max-snippet":"max-snippet:-1","max-image-preview":"max-image-preview:large","max-video-preview":"max-video-preview:-1"},"og_locale":"de_DE","og_type":"article","og_title":"FRANCIZA - Spartan Restaurant - Cum s\u0103 devii francizat SPARTAN?","og_description":"Entdecken Sie die Details des spartanischen Franchise, die zum \u00d6ffnen erforderlichen Schritte und die Kosten f\u00fcr die Er\u00f6ffnung eines spartanischen Restaurants.","og_url":"https:\/\/spartanrestaurant.ro\/de\/franchise\/","og_site_name":"Spartan Restaurant","article_modified_time":"2021-05-13T09:29:11+00:00","twitter_card":"summary_large_image","schema":{"@context":"https:\/\/schema.org","@graph":[{"@type":"WebPage","@id":"https:\/\/spartanrestaurant.ro\/de\/franchise\/","url":"https:\/\/spartanrestaurant.ro\/de\/franchise\/","name":"FRANCIZA - Spartan Restaurant - Cum s\u0103 devii francizat SPARTAN?","isPartOf":{"@id":"https:\/\/spartanrestaurant.ro\/#website"},"datePublished":"2019-12-20T14:12:37+00:00","dateModified":"2021-05-13T09:29:11+00:00","description":"Entdecken Sie die Details des spartanischen Franchise, die zum \u00d6ffnen erforderlichen Schritte und die Kosten f\u00fcr die Er\u00f6ffnung eines spartanischen Restaurants.","breadcrumb":{"@id":"https:\/\/spartanrestaurant.ro\/de\/franchise\/#breadcrumb"},"inLanguage":"de","potentialAction":[{"@type":"ReadAction","target":["https:\/\/spartanrestaurant.ro\/de\/franchise\/"]}]},{"@type":"BreadcrumbList","@id":"https:\/\/spartanrestaurant.ro\/de\/franchise\/#breadcrumb","itemListElement":[{"@type":"ListItem","position":1,"name":"Prima pagin\u0103","item":"https:\/\/spartanrestaurant.ro\/de\/"},{"@type":"ListItem","position":2,"name":"FRANCIZA"}]},{"@type":"WebSite","@id":"https:\/\/spartanrestaurant.ro\/#website","url":"https:\/\/spartanrestaurant.ro\/","name":"Spartan Restaurant","description":"GUSTUL LEGENDAR","publisher":{"@id":"https:\/\/spartanrestaurant.ro\/#organization"},"potentialAction":[{"@type":"SearchAction","target":{"@type":"EntryPoint","urlTemplate":"https:\/\/spartanrestaurant.ro\/?s={search_term_string}"},"query-input":"required name=search_term_string"}],"inLanguage":"de"},{"@type":"Organization","@id":"https:\/\/spartanrestaurant.ro\/#organization","name":"Spartan Restaurant","url":"https:\/\/spartanrestaurant.ro\/","logo":{"@type":"ImageObject","inLanguage":"de","@id":"https:\/\/spartanrestaurant.ro\/#\/schema\/logo\/image\/","url":"https:\/\/spartanrestaurant.ro\/wp-content\/uploads\/2020\/08\/cropped-Spartan-fav.png","contentUrl":"https:\/\/spartanrestaurant.ro\/wp-content\/uploads\/2020\/08\/cropped-Spartan-fav.png","width":512,"height":512,"caption":"Spartan Restaurant"},"image":{"@id":"https:\/\/spartanrestaurant.ro\/#\/schema\/logo\/image\/"}}]}},"_links":{"self":[{"href":"https:\/\/spartanrestaurant.ro\/de\/wp-json\/wp\/v2\/pages\/6169\/"}],"collection":[{"href":"https:\/\/spartanrestaurant.ro\/de\/wp-json\/wp\/v2\/pages\/"}],"about":[{"href":"https:\/\/spartanrestaurant.ro\/de\/wp-json\/wp\/v2\/types\/page\/"}],"author":[{"embeddable":true,"href":"https:\/\/spartanrestaurant.ro\/de\/wp-json\/wp\/v2\/users\/1\/"}],"replies":[{"embeddable":true,"href":"https:\/\/spartanrestaurant.ro\/de\/wp-json\/wp\/v2\/comments\/?post=6169"}],"version-history":[{"count":6,"href":"https:\/\/spartanrestaurant.ro\/de\/wp-json\/wp\/v2\/pages\/6169\/revisions\/"}],"predecessor-version":[{"id":6185,"href":"https:\/\/spartanrestaurant.ro\/de\/wp-json\/wp\/v2\/pages\/6169\/revisions\/6185\/"}],"wp:attachment":[{"href":"https:\/\/spartanrestaurant.ro\/de\/wp-json\/wp\/v2\/media\/?parent=6169"}],"curies":[{"name":"wp","href":"https:\/\/api.w.org\/{rel}","templated":true}]}}